{"id":2,"date":"2018-05-24T10:24:37","date_gmt":"2018-05-24T10:24:37","guid":{"rendered":"http:\/\/socodam.cd\/?page_id=2"},"modified":"2018-07-16T09:09:15","modified_gmt":"2018-07-16T09:09:15","slug":"agences","status":"publish","type":"page","link":"https:\/\/socodam.cd\/index.php\/agences\/","title":{"rendered":"Nos Agences"},"content":{"rendered":"<p>[vc_row][vc_column css_animation=&#8221;fadeInLeftBig&#8221; width=&#8221;2\/3&#8243;][vc_column_text]<\/p>\n<h3><strong><span style=\"vertical-align: inherit;\"><span style=\"vertical-align: inherit;\"><span style=\"vertical-align: inherit;\"><span style=\"vertical-align: inherit;\"><span style=\"vertical-align: inherit;\"><span style=\"vertical-align: inherit;\">Une pr\u00e9sence nationale avec une implication locale<\/span><\/span><\/span><\/span><\/span><\/span><\/strong><\/h3>\n<h3><\/h3>\n<p>&nbsp;<\/p>\n<h3><img src=\"http:\/\/socodam.cd\/wp-content\/uploads\/2018\/06\/unnamed-2-1-e1529061645426.png\" alt=\"Agences\" \/><\/h3>\n<p>[\/vc_column_text][\/vc_column][vc_column css_animation=&#8221;fadeInUp&#8221; width=&#8221;1\/3&#8243;][vc_wp_text]<\/p>\n<h2><span style=\"color: red; font-weight: bold;\">NOS AGENCES<\/span><\/h2>\n<p>&nbsp;<\/p>\n<p><strong>Notre firme a une riche exp\u00e9rience dans le secteur de Transit et Douane et disposons d&#8217;infrastructures ad\u00e9quates tant \u00e0 Kinshasa qu&#8217;\u00e0 l&#8217;Int\u00e9rieur du pays, notamment \u00e0 :<\/strong><\/p>\n<p>Kinshasa\u00a0: +243 82 81 82 480<br \/>\n<a href=\"mailto:Info.dg@socodam.cd\">Info.dg@socodam.cd<\/a><\/p>\n<p>Lubumbashi : +243 824081248<br \/>\n<a href=\"mailto:lubumbashi@socodam.cd\">lubumbashi@socodam.cd<\/a><\/p>\n<p>Matadi : +243 99 56 62\u00a0 212 \/ +243 81 90 20 979<br \/>\n<a href=\"mailto:matadi@socodam.cd\">matadi@socodam.cd<\/a><\/p>\n<p>Boma : +243 99 71 34 595 \/ +243 99 83 16 653<br \/>\n<a href=\"mailto:boma@socodam.cd\">boma@socodam.cd<\/a><\/p>\n<p>Kasumbalesa : +243 81 84 58 520<br \/>\n<a href=\"mailto:kasumbalesa@socodam.cd\">kasumbalesa@socodam.cd<\/a><\/p>\n<p>Mwene-Ditu : +243 81 84 58 520<br \/>\n<a href=\"mailto:Mwene-ditu@socodam.cd\">Mwene-ditu@socodam.cd<\/a><\/p>\n<p>Goma : +243 897004203 \/ +243 99 54 85 908<br \/>\ngoma@socodam.c d<\/p>\n<p>Beni : +243 998298958 \/ +243 81 53 28 587<br \/>\n<a href=\"mailto:beni@socodam.cd\">beni@socodam.cd<\/a><\/p>\n<p>Bukavu : +243 99 87 66 540<br \/>\n<a href=\"mailto:bukavu@socodam.cd\">bukavu@socodam.cd<\/a><\/p>\n<p>Uvira : +243 99 86 91 981<br \/>\n<a href=\"mailto:uvira@socodam.cd\">uvira@socodam.cd<\/a><\/p>\n<p>Bunia, Aru et Mahagi : +243 81 48 95 058<br \/>\n<a href=\"mailto:mahagi@socodam.cd\">mahagi@socodam.cd<\/a>[\/vc_wp_text][\/vc_column][\/vc_row]<\/p>\n","protected":false},"excerpt":{"rendered":"<p>[vc_row][vc_column css_animation=&#8221;fadeInLeftBig&#8221; width=&#8221;2\/3&#8243;][vc_column_text] Une pr\u00e9sence nationale avec une implication locale &nbsp; [\/vc_column_text][\/vc_column][vc_column css_animation=&#8221;fadeInUp&#8221; width=&#8221;1\/3&#8243;][vc_wp_text] NOS AGENCES &nbsp; Notre firme a [&hellip;]<\/p>\n","protected":false},"author":1,"featured_media":75101,"parent":0,"menu_order":0,"comment_status":"closed","ping_status":"open","template":"","meta":[],"_links":{"self":[{"href":"https:\/\/socodam.cd\/index.php\/wp-json\/wp\/v2\/pages\/2"}],"collection":[{"href":"https:\/\/socodam.cd\/index.php\/wp-json\/wp\/v2\/pages"}],"about":[{"href":"https:\/\/socodam.cd\/index.php\/wp-json\/wp\/v2\/types\/page"}],"author":[{"embeddable":true,"href":"https:\/\/socodam.cd\/index.php\/wp-json\/wp\/v2\/users\/1"}],"replies":[{"embeddable":true,"href":"https:\/\/socodam.cd\/index.php\/wp-json\/wp\/v2\/comments?post=2"}],"version-history":[{"count":11,"href":"https:\/\/socodam.cd\/index.php\/wp-json\/wp\/v2\/pages\/2\/revisions"}],"predecessor-version":[{"id":75237,"href":"https:\/\/socodam.cd\/index.php\/wp-json\/wp\/v2\/pages\/2\/revisions\/75237"}],"wp:featuredmedia":[{"embeddable":true,"href":"https:\/\/socodam.cd\/index.php\/wp-json\/wp\/v2\/media\/75101"}],"wp:attachment":[{"href":"https:\/\/socodam.cd\/index.php\/wp-json\/wp\/v2\/media?parent=2"}],"curies":[{"name":"wp","href":"https:\/\/api.w.org\/{rel}","templated":true}]}}